{"id":2174,"date":"2025-08-12T11:18:46","date_gmt":"2025-08-12T11:18:46","guid":{"rendered":"https:\/\/sakoplan.pl\/?page_id=2174"},"modified":"2025-08-12T11:28:02","modified_gmt":"2025-08-12T11:28:02","slug":"bezpieczenstwo","status":"publish","type":"page","link":"https:\/\/sakoplan.pl\/de\/bezpieczenstwo\/","title":{"rendered":"Bezpiecze\u0144stwo"},"content":{"rendered":"<div data-elementor-type=\"wp-page\" data-elementor-id=\"2174\" class=\"elementor elementor-2174\" data-elementor-post-type=\"page\">\n\t\t\t\t<div class=\"e-con-top elementor-element elementor-element-473dc2f2 e-flex e-con-boxed e-con e-parent\" data-id=\"473dc2f2\" data-element_type=\"container\">\n\t\t\t\t\t<div class=\"e-con-inner\">\n\t\t\t\t<div class=\"elementor-element elementor-element-66dc6fd6 mc_text_style elementor-widget elementor-widget-text-editor\" data-id=\"66dc6fd6\" data-element_type=\"widget\" data-widget_type=\"text-editor.default\">\n\t\t\t\t<div class=\"elementor-widget-container\">\n\t\t\t\t\t\t\t\t\t\n<h1 class=\"grey-line-top-left\">Dlaczego transakcje w Sako &#8211; Expo s\u0105 bezpieczne?<\/h1>\n<p>\u00a0<\/p>\n<p>Dok\u0142adamy wszelkich stara\u0144, aby Klient dokonuj\u0105cy u nas zakupy mia\u0142 gwarancj\u0119 bezpiecze\u0144stwa dotycz\u0105ce zar\u00f3wno jako\u015bci towar\u00f3w, zasad przechowywania powierzonych nam danych osobowych, jak i jako\u015bci obs\u0142ugi serwisowej podczas trwania gwarancji.<br \/><br \/>Gwarantujemy 100% bezpiecze\u0144stwa dostawy zam\u00f3wionych produkt\u00f3w. Ka\u017cda przesy\u0142ka w naszym magazynie jest starannie pakowana. Nast\u0119pnie paczka jest oklejana firmow\u0105 ta\u015bm\u0105, kt\u00f3ra jest plomb\u0105 przesy\u0142ki. Wsp\u00f3\u0142pracujemy z wyspecjalizowanymi firmami kurierskimi, kt\u00f3re gwarantuj\u0105 bezpieczn\u0105 dostaw\u0119 paczki. Je\u017celi z uwagi na uszkodzenie lub nieoryginalne opakowanie dostarczonej paczki pojawi\u0105 si\u0119 w\u0105tpliwo\u015bci co do jej stanu &#8211; prosimy nie odbiera\u0107 przesy\u0142ki, gdy\u017c mo\u017ce to spowodowa\u0107 nieuznanie reklamacji w firmie kurierskiej. Nale\u017cy poinformowa\u0107 nas o zdarzeniu, a po otrzymaniu potwierdzenia od firmy kurierskiej o uszkodzeniu paczki, wy\u015blemy nowy towar, najszybciej jak to mo\u017cliwe lub zwr\u00f3cimy wp\u0142acon\u0105 nale\u017cno\u015b\u0107.<\/p>\n\t\t\t\t\t\t\t\t<\/div>\n\t\t\t\t<\/div>\n\t\t\t\t\t<\/div>\n\t\t\t\t<\/div>\n\t\t\t\t<\/div>","protected":false},"excerpt":{"rendered":"<p>Dlaczego transakcje w Sako &#8211; Expo s\u0105 bezpieczne? \u00a0 Dok\u0142adamy wszelkich stara\u0144, aby Klient dokonuj\u0105cy u nas zakupy mia\u0142 gwarancj\u0119 bezpiecze\u0144stwa dotycz\u0105ce zar\u00f3wno jako\u015bci towar\u00f3w, zasad przechowywania powierzonych nam danych osobowych, jak i jako\u015bci obs\u0142ugi serwisowej podczas trwania gwarancji. Gwarantujemy 100% bezpiecze\u0144stwa dostawy zam\u00f3wionych produkt\u00f3w. Ka\u017cda przesy\u0142ka w naszym magazynie jest starannie pakowana. Nast\u0119pnie paczka [&hellip;]<\/p>\n","protected":false},"author":1,"featured_media":0,"parent":0,"menu_order":0,"comment_status":"closed","ping_status":"closed","template":"","meta":{"_acf_changed":false,"footnotes":""},"class_list":["post-2174","page","type-page","status-publish","hentry"],"acf":[],"_links":{"self":[{"href":"https:\/\/sakoplan.pl\/de\/wp-json\/wp\/v2\/pages\/2174","targetHints":{"allow":["GET"]}}],"collection":[{"href":"https:\/\/sakoplan.pl\/de\/wp-json\/wp\/v2\/pages"}],"about":[{"href":"https:\/\/sakoplan.pl\/de\/wp-json\/wp\/v2\/types\/page"}],"author":[{"embeddable":true,"href":"https:\/\/sakoplan.pl\/de\/wp-json\/wp\/v2\/users\/1"}],"replies":[{"embeddable":true,"href":"https:\/\/sakoplan.pl\/de\/wp-json\/wp\/v2\/comments?post=2174"}],"version-history":[{"count":0,"href":"https:\/\/sakoplan.pl\/de\/wp-json\/wp\/v2\/pages\/2174\/revisions"}],"wp:attachment":[{"href":"https:\/\/sakoplan.pl\/de\/wp-json\/wp\/v2\/media?parent=2174"}],"curies":[{"name":"wp","href":"https:\/\/api.w.org\/{rel}","templated":true}]}}