{"id":2161,"date":"2025-08-12T10:56:12","date_gmt":"2025-08-12T10:56:12","guid":{"rendered":"https:\/\/sakoplan.pl\/?page_id=2161"},"modified":"2025-08-12T11:27:47","modified_gmt":"2025-08-12T11:27:47","slug":"regulamin","status":"publish","type":"page","link":"https:\/\/sakoplan.pl\/de\/regulamin\/","title":{"rendered":"Regulamin"},"content":{"rendered":"<div data-elementor-type=\"wp-page\" data-elementor-id=\"2161\" class=\"elementor elementor-2161\" data-elementor-post-type=\"page\">\n\t\t\t\t<div class=\"e-con-top elementor-element elementor-element-473dc2f2 e-flex e-con-boxed e-con e-parent\" data-id=\"473dc2f2\" data-element_type=\"container\">\n\t\t\t\t\t<div class=\"e-con-inner\">\n\t\t\t\t<div class=\"elementor-element elementor-element-66dc6fd6 mc_text_style elementor-widget elementor-widget-text-editor\" data-id=\"66dc6fd6\" data-element_type=\"widget\" data-widget_type=\"text-editor.default\">\n\t\t\t\t<div class=\"elementor-widget-container\">\n\t\t\t\t\t\t\t\t\t\n<p>Sklep internetowy dost\u0119pny pod adresem www.sakoexpo.com.pl, prowadzony jest przez SAKO-EXPO Techtextilplast Henryk Sakowski sp. j., wpisan\u0105 przez S\u0105d Rejonowy dla \u0141odzi \u015ar\u00f3dmie\u015bcia, XX Wydzia\u0142 Gospodarczy do Krajowego Rejestru S\u0105dowego &#8211; Rejestru Przedsi\u0119biorc\u00f3w pod numerem KRS 0000012904. Siedziba firmy znajduje si\u0119 w Aleksandrii 6, 95-035 Ozork\u00f3w. NIP: 732-155-03-40, Regon: 471516954.<\/p>\n<p><strong>Postanowienia og\u00f3lne<\/strong><\/p>\n<ol class=\"punkt\">\n<li>Sklep internetowy SAKO-EXPO prowadzi sprzeda\u017c detaliczn\u0105 i detaliczn\u0105 za po\u015brednictwem sieci internetowej. Zam\u00f3wienia s\u0105 przyjmowane przez stron\u0119 www.sakoexpo.com.pl oraz telefonicznie nr\u00a0+48 607 770 236 lub\u00a0\u00a0(+48 42) 656 09 51.<\/li>\n<li>Wszystkie produkty oferowane w sklepie s\u0105 fabrycznie nowe, wolne od wad fizycznych i prawnych, oraz zosta\u0142y legalnie wprowadzone na rynek polski.<\/li>\n<li>Ceny podane na stronie przedstawione s\u0105 w warto\u015bciach netto (dla hurtowej lub detalicznej sprzeda\u017cy), wyra\u017cone w polskich z\u0142 (PLN). Do ka\u017cdej ceny nale\u017cy doda\u0107 podatek VAT w wysoko\u015bci 23%.\u00a0 Na ka\u017cdy sprzedany towar wystawiamy faktury VAT lub paragon fiskalny.<\/li>\n<li>Zam\u00f3wiony towar dostarczamy za pomoc\u0105 wyspecjalizowanych firm kurierskich i spedycyjnych. Istnieje tak\u017ce mo\u017cliwo\u015b\u0107 odbioru osobistego po otrzymaniu informacji o dost\u0119pno\u015bci towaru w magazynie. Kupuj\u0105cy jest obci\u0105\u017cany kosztami dostawy okre\u015blonymi w cenniku transportu na stronie\u00a0<a href=\"http:\/\/www.sakoexpo.com.pl\/informacje\/36-szybka-dostawa\">Koszty transportu<\/a>.<\/li>\n<li>W sytuacji, kiedy wyst\u0119puj\u0105 du\u017ce r\u00f3\u017cnice w czasie realizacji lub sposobie pakowania i dostawy poszczeg\u00f3lnych towar\u00f3w, sk\u0142adaj\u0105cych si\u0119 na jedno zam\u00f3wienie, sklep mo\u017ce samodzielnie zdecydowa\u0107 o podziale zam\u00f3wienia na mniejsze przesy\u0142ki. W takim przypadku, og\u00f3lny koszt dostawy podany Klientowi przy sk\u0142adaniu zam\u00f3wienia nie ulega zmianie, a jedynie zostaje rozdzielony na poszczeg\u00f3lne przesy\u0142ki cz\u0105stkowe. W przypadku anulowania cz\u0119\u015bci zam\u00f3wienia, korekcie ulegaj\u0105 wy\u0142\u0105cznie te koszty dostawy, kt\u00f3re zosta\u0142y przypisane do niedostarczonej lub reklamowanej cz\u0119\u015bci zam\u00f3wienia.<\/li>\n<\/ol>\n<p><strong>Logowanie i rejestracja<\/strong><\/p>\n<ol>\n<li>Sklep Sako Expo umo\u017cliwia klientom dokonanie zakupu na dwa sposoby:<\/li>\n<\/ol>\n<ul>\n<li>szybkie zam\u00f3wienie &#8211; zam\u00f3wienie bez konieczno\u015bci rejestrowana si\u0119 w serwisie, dane klienta nie s\u0105 w\u00f3wczas zapami\u0119tane przez stron\u0119, a przy nast\u0119pnym zakupie b\u0119dzie konieczne ich ponowne wprowadzenie<\/li>\n<li>rejestracja &#8211; to utworzenie konta w sklepie Sako Expo. Posiadanie konta umo\u017cliwia dodawanie kilku adres\u00f3w wysy\u0142ki, danych do faktury i nie opr\u00f3\u017cnia koszyka produktowego. Dane wprowadzone w procesie rejestrowania w sklepie podlegaj\u0105 ochronie w my\u015bl Ustawy o Ochronie Danych Osobowych z dn. 29.08.1997 r. Firma Sako Expo nie wykorzystuje danych zebranych w procesie zak\u0142adania konta do wysy\u0142ania informacji o charakterze handlowo &#8211; marketingowym, chyba, \u017ce w\u0142a\u015bciciel konta wyrazi\u0142 na to zgod\u0119 w procesie rejestracji.<\/li>\n<\/ul>\n<p><strong>Formy p\u0142atno\u015bci dost\u0119pne w sklepie sakoexpo.com.pl:<\/strong><br \/><br \/><\/p>\n<ul>\n<li>Przy odbiorze \u2013 zap\u0142ata got\u00f3wk\u0105 kurierowi, pracownikowi firmy spedycyjnej lub w kasie punktu odbioru osobistego. SAKO-EXPO zastrzega sobie w niekt\u00f3rych sytuacjach prawo do dodatkowej weryfikacji telefonicznej tego typu zam\u00f3wie\u0144.<\/li>\n<li>Przelewem tradycyjnym- po zarezerwowaniu zam\u00f3wionego towaru, wys\u0142any jest e-mail z numerem rachunku bankowego. Z chwil\u0105 zaksi\u0119gowania wp\u0142aty na naszym rachunku bankowym, zam\u00f3wienie jest przekazywane do magazynu w celu przygotowania do wysy\u0142ki. Wi\u0119cej o terminach realizacji zam\u00f3wienia na stronie Czas realizacji zam\u00f3wienia. Dodatkowe koszty zwi\u0105zane z poszczeg\u00f3lnymi formami p\u0142atno\u015bci okre\u015blone s\u0105 w cenniku transportu na stronie Koszt transportu.<\/li>\n<li>Szybki przelew &#8211; dokonywany za pomoc\u0105\u00a0<a href=\"https:\/\/tpay.com\/\" target=\"_blank\" rel=\"noopener\">serwisu T-Pay<\/a>\u00a0pozwala na wykonywanie przelewu z \u00a0 \u00a0 konta na konto serwisu T-Pay (dane do przelewu pojawi\u0105 si\u0119 po wybraniu opcji &#8220;szybki przelew&#8221;). \u00a0 Przelew jest ksi\u0119gowany du\u017co szybciej, ni\u017c przelew tradycyjny, dzi\u0119ki czemu produkty s\u0105 wysy\u0142ane w kr\u00f3tszym czasie.<\/li>\n<\/ul>\n<p><strong>Wysy\u0142ka towaru<\/strong><\/p>\n<ol class=\"punkt\">\n<li>Je\u017celi czas realizacji okaza\u0142by si\u0119 d\u0142u\u017cszy ni\u017c podany na naszych stronach, kontaktujemy si\u0119 z kupuj\u0105cym, aby poinformowa\u0107 o op\u00f3\u017anieniu i potwierdzi\u0107 dalsz\u0105 ch\u0119\u0107 realizacji zam\u00f3wienia. Nale\u017cy pami\u0119ta\u0107, i\u017c: termin otrzymania przesy\u0142ki = czas realizacji zam\u00f3wienia + czas dostawy. W przypadku p\u0142atno\u015bci przelewem powy\u017cszy termin wyd\u0142u\u017ca si\u0119 dodatkowo o czas realizacji przelewu. Przesy\u0142ki s\u0105 dostarczane firm\u0105 kuriersk\u0105 &#8211; zazwyczaj nast\u0119pnego dnia roboczego po dokonaniu wysy\u0142ki z naszego magazynu. SAKO-EXPO nie odpowiada za op\u00f3\u017anienia w dostawie spowodowane niewywi\u0105zaniem si\u0119 przez firmy kurierskie z um\u00f3w obs\u0142ugi przewozowej.<\/li>\n<li>W przypadku odbioru osobistego, przesy\u0142ki s\u0105 dostarczane do wskazanego punktu odbioru osobistego. O mo\u017cliwo\u015bci odebrania zam\u00f3wionego towaru informujemy drog\u0105 e-mailow\u0105. Przesy\u0142k\u0119 nale\u017cy odebra\u0107 w ci\u0105gu 7 dni od otrzymania informacji o mo\u017cliwo\u015bci odbioru towaru. Przesy\u0142k\u0119, kt\u00f3ra nie zostanie odebrana w wyznaczonym terminie odsy\u0142amy do magazynu, a zam\u00f3wienie anulujemy.<\/li>\n<li>Firma Sako Expo wsp\u00f3\u0142pracuj\u0119 w zakresie dostaw z nast\u0119puj\u0105cymi firmami kurierskimi i spedycyjnymi:\u00a0HATRANS oraz UPS. Nie ma mo\u017cliwo\u015bci wysy\u0142ki towaru korzystaj\u0105c z innych, niewskazanych w regulaminie firm przewozowych.<\/li>\n<li>W przypadku zam\u00f3wie\u0144 o \u0142\u0105cznej warto\u015bci poni\u017cej 50 z\u0142 netto, doliczana jest op\u0142ata za przygotowanie produkt\u00f3w do wysy\u0142ki w wysoko\u015bci 20 z\u0142 netto.\u00a0<\/li>\n<li>Koszty transportu s\u0105 zr\u00f3\u017cnicowane i zale\u017c\u0105 od: miejsca dostawy (odleg\u0142o\u015b\u0107 od siedziby firmy Sako Expo) oraz od wielko\u015bci zam\u00f3wienia. Szczeg\u00f3\u0142owa tabela z kosztami dostaw znajduje si\u0119 na stronie\u00a0<a href=\"http:\/\/www.sakoexpo.com.pl\/informacje\/36-szybka-dostawa\">Szybka dostawa<\/a><\/li>\n<li>Po wybraniu odpowiedniej opcji dostawy klient zostanie automatycznie poinformowany o \u0142\u0105cznej kwocie zam\u00f3wienia, z wyszczeg\u00f3lnieniem\u00a0koszt\u00f3w dostawy.<\/li>\n<\/ol>\n<p><strong>Procedury reklamacyjne i zwroty towar\u00f3w<\/strong><\/p>\n<ol class=\"punkt\">\n<li>W przypadku niezgodno\u015bci towaru z umow\u0105 reklamowany towar wraz z pismem okre\u015blaj\u0105cym rodzaj niezgodno\u015bci oraz oczekiwania dotycz\u0105ce sposobu realizacji naszych zobowi\u0105za\u0144, nale\u017cy przes\u0142a\u0107 do centrali firmy SAKO-EXPO. Dane teleadresowe znajduj\u0105 si\u0119 w zak\u0142adce\u00a0<a href=\"http:\/\/www.sakoexpo.com.pl\/informacje\/33-kontakt\">Kontakt<\/a>.<\/li>\n<li>Okre\u015blaj\u0105c spos\u00f3b realizacji zobowi\u0105za\u0144 sklepu Klient ma prawo, \u017c\u0105da\u0107 doprowadzenia go do stanu zgodnego z umow\u0105 poprzez nieodp\u0142atn\u0105 napraw\u0119 albo wymian\u0119, chyba, \u017ce naprawa albo wymiana s\u0105 niemo\u017cliwe lub wymagaj\u0105 nadmiernych koszt\u00f3w. Je\u017celi sklep nie b\u0119dzie w stanie wywi\u0105za\u0107 si\u0119 z okre\u015blonych \u017c\u0105da\u0144, Klient ma prawo domaga\u0107 si\u0119 stosowanego obni\u017cenia ceny albo mo\u017ce odst\u0105pi\u0107 od umowy.<\/li>\n<li>Sklep ustosunkuje si\u0119 do \u017c\u0105da\u0144 Klienta w terminie 2 dni roboczych od momentu zg\u0142oszenia niezgodno\u015bci towaru z umow\u0105. Za dzie\u0144 zg\u0142oszenia reklamacji uznaje si\u0119 dzie\u0144 dostarczenia pisma reklamacyjnego wraz z dowodem w postaci zdj\u0119\u0107 lub cz\u0119\u015bci reklamowanego produktu. Je\u017celi b\u0119d\u0105 wymagane dodatkowe ekspertyzy techniczne wykonywane przez zewn\u0119trzne firmy, termin ten mo\u017ce zosta\u0107 wyd\u0142u\u017cony do 14 dni. Je\u017celi w ci\u0105gu 14 dni firma SAKO-EXPO nie ustosunkuje si\u0119 do \u017c\u0105da\u0144 Klienta, oznacza to, i\u017c uzna\u0142a \u017c\u0105dania za uzasadnione.<\/li>\n<li>Je\u017celi zg\u0142oszenie niezgodno\u015bci towaru nast\u0105pi w ci\u0105gu 14 dni od momentu zakupu, Klient ma prawo \u017c\u0105da\u0107 wymiany produktu na nowy w trybie przyspieszonym. Tryb przyspieszony dotyczy tylko produkt\u00f3w nienosz\u0105cych \u015blad\u00f3w u\u017cytkowania. Je\u017celi niezgodno\u015b\u0107 zostanie uznana, a reklamowany towar b\u0119dzie dost\u0119pny na magazynach firmy, nowy towar zostanie wys\u0142any w ci\u0105gu 2 dni roboczych od dostarczenia niezgodnego towaru do sklepu. Je\u017celi nie b\u0119dzie to mo\u017cliwe firma zaproponuje nabywcy zwrot r\u00f3wnowarto\u015bci ceny produktu lub zaproponuje inny dost\u0119pny w sklepie towar o podobnych parametrach.<\/li>\n<li>W ka\u017cdym z powy\u017cszych przypadk\u00f3w, gdy realizacja \u017c\u0105da\u0144 Klienta wi\u0105\u017ce si\u0119 z dostaw\u0105 nowego lub naprawionego towaru, wszystkie koszty dostawy ponosi firma SAKO-EXPO.<\/li>\n<li>Zgodnie z Ustaw\u0105\u00a0 z dnia 30 maja 2014r o prawach konsumenta (Dz. U. 2014 poz. 827), w terminie czternastu dni od otrzymania zam\u00f3wionego towaru, konsument ma prawo jego zwrotu bez podania przyczyn w ramach odst\u0105pienia od umowy i bez ponoszenia dodatkowych koszt\u00f3w, z wyj\u0105tkiem koszt\u00f3w okre\u015blonych w art. 33, art. 34 ust.2 i art. 35 ww ustawy, wg zasad wynikaj\u0105cych z przepis\u00f3w dotycz\u0105cych zawierania um\u00f3w na odleg\u0142o\u015b\u0107\u00a0<a href=\"http:\/\/www.sakoexpo.com.pl\/sako\/dokumenty\/wzor-odstapienie-od-umowy.odt\">&#8220;Wz\u00f3r formularza odst\u0105pienia od umowy&#8221;.<\/a>\u00a0Wskazane w tym punkcie prawo dotyczy sprzeda\u017cy konsumenckiej, a wi\u0119c stosuje si\u0119 wy\u0142\u0105cznie do sprzeda\u017cy osobie fizycznej, kt\u00f3ra dokonuje zakupu w celu niezwi\u0105zanym z dzia\u0142alno\u015bci\u0105 zawodow\u0105 lub gospodarcz\u0105. Zwracany w tym trybie towar zostanie przyj\u0119ty tylko i wy\u0142\u0105cznie wtedy, gdy b\u0119dzie odes\u0142any w oryginalnym, nieuszkodzonym opakowaniu, z kompletn\u0105 jego zawarto\u015bci\u0105, a sam produkt oraz akcesoria b\u0119d\u0105 nieuszkodzone, oraz nie b\u0119d\u0105 nosi\u0142y jakichkolwiek \u015blad\u00f3w u\u017cywania. W przypadku ch\u0119ci skorzystania z prawa odst\u0105pienia od umowy, prosz\u0119 skontaktowa\u0107 si\u0119 z central\u0105 firmy &#8211; dane w zak\u0142adce Kontakt.\u00a0<a href=\"http:\/\/www.sakoexpo.com.pl\/sako\/dokumenty\/info-odstapienie-od-umowy.odt\">&#8220;Informacje dotycz\u0105ce korzystania z prawa odst\u0105pienia od umowy&#8221;<\/a>.<\/li>\n<li>Gwarancja, oraz prawo odst\u0105pienia od umowy nie obowi\u0105zuj\u0105, gdy produkt dotkni\u0119ty jest uszkodzeniami mechanicznymi pochodzenia zewn\u0119trznego. Dlatego zawsze przed odebraniem od kuriera nale\u017cy sprawdzi\u0107, czy opakowanie nie uleg\u0142o uszkodzeniu w transporcie. W szczeg\u00f3lno\u015bci nale\u017cy zwr\u00f3ci\u0107 uwag\u0119 na stan ta\u015bm lub plomb naklejonych na przesy\u0142k\u0119. W przypadku, gdy opakowanie przesy\u0142ki nosi znamiona uszkodzenia lub, gdy plomby (ta\u015bmy) s\u0105 zerwane nale\u017cy nie przyjmowa\u0107 przesy\u0142ki i w obecno\u015bci kuriera sporz\u0105dzi\u0107 protok\u00f3\u0142 szkody oraz skontaktowa\u0107 si\u0119 jak najszybciej ze sprzedawc\u0105 w celu wyja\u015bnienia sprawy. Sprawdzenie przesy\u0142ki przy odbiorze jest niezb\u0119dnym warunkiem uwzgl\u0119dnienia ewentualnych roszcze\u0144 Klienta z tytu\u0142u uszkodzenia czy okradzenia przesy\u0142ki w transporcie.<\/li>\n<li>Informacje znajduj\u0105ce si\u0119 na stronach internetowych sklepu firmy SAKO-EXPO nie stanowi\u0105 oferty w rozumieniu Kodeksu Cywilnego. Klient sk\u0142adaj\u0105c zam\u00f3wienie za pomoc\u0105 mechanizm\u00f3w dost\u0119pnych na internetowych stronach sklepu, sk\u0142ada ofert\u0119 kupna okre\u015blonego towaru na warunkach podanych w opisie produktu. Moment zawarcia umowy kupna-sprzeda\u017cy nast\u0119puje\u00a0w chwili potwierdzenia przez\u00a0firm\u0119 SAKO-EXPO\u00a0przyj\u0119cia zam\u00f3wienia do realizacji.<\/li>\n<li>Firma SAKO-EXPO dok\u0142ada wszelkich stara\u0144, aby opisy i dane techniczne umieszczonych w sklepie produkt\u00f3w by\u0142y zgodne z rzeczywisto\u015bci\u0105. Nie ponosimy jednak odpowiedzialno\u015bci za b\u0142\u0119dne podanie parametr\u00f3w i w\u0142a\u015bciwo\u015bci towaru, lub nag\u0142\u0105 ich zmian\u0119 przez jego producenta. Niemniej, w ka\u017cdym przypadku, gdy dane (w tym opisy i dane techniczne produkt\u00f3w) prezentowane na witrynie internetowej sklepu w dniu z\u0142o\u017cenia przez konsumenta zam\u00f3wienia nie pokrywa\u0142yby si\u0119 z rzeczywisto\u015bci\u0105, w ci\u0105gu 14 dni od daty zakupu ma on prawo odst\u0105pienia od umowy bez podania przyczyn, zgodnie z przepisami o odst\u0105pieniu od umowy zawartej na odleg\u0142o\u015b\u0107.<\/li>\n<\/ol>\n<p><strong>Postanowienia ko\u0144cowe<\/strong><\/p>\n<ol class=\"punkt\">\n<li>Firma SAKO-EXPO zastrzega sobie prawo do odmowy zrealizowania zam\u00f3wienia w sytuacji, kiedy historia wsp\u00f3\u0142pracy podwa\u017ca wiarygodno\u015bci i rzetelno\u015b\u0107 klienta.<\/li>\n<li>Regulamin okre\u015bla zasady zakup\u00f3w w sklepie<em>.<\/em>\u00a0Z\u0142o\u017cenie i potwierdzenie zam\u00f3wienia jest r\u00f3wnoznaczne ze zgod\u0105 na zap\u0142at\u0119 za zam\u00f3wione towary oraz na wszystkie postanowienia i informacje zawarte w regulaminie.<\/li>\n<\/ol>\n<p><strong>Obs\u0142uga plik\u00f3w cookies<\/strong><\/p>\n<p>Cookies, czyli ciasteczka, to ma\u0142e pliki tekstowe wysy\u0142ane przez serwer internetowy a nast\u0119pnie zapisywane na urz\u0105dzeniu u\u017cytkownika.<br \/>Zawieraj\u0105 one informacje, kt\u00f3re umo\u017cliwiaj\u0105 m.in. zapami\u0119tanie logowania do serwisu lub zapami\u0119tanie towar\u00f3w dodanych do koszyka.<br \/>Informacje zawarte w cookies s\u0105 szyfrowane i mog\u0105 by\u0107 odczytane wy\u0142\u0105cznie przez serwer, kt\u00f3ry je utworzy\u0142.<\/p>\n<p>\u00a0<\/p>\n<p><strong>W jakim celu zbieramy pliki cookies?<\/strong><br \/>Ciasteczka s\u0105 przez nas wykorzystywane do tworzenia anonimowych statystyk, kt\u00f3re pozwalaj\u0105 nam zrozumie\u0107 spos\u00f3b,<br \/>w jaki u\u017cytkownik porusza si\u0119 po sklepie internetowym a nast\u0119pnie ulepsza\u0107 jego struktur\u0119 oraz w celu utrzymania sesji u\u017cytkownika<br \/>po zalogowaniu, dzi\u0119ki czemu nie musi si\u0119 on logowa\u0107 na ka\u017cdej podstronie sklepu.<br \/>Agregowane dane nie s\u0105 wykorzystywane do personalnej identyfikacji u\u017cytkownika.<\/p>\n<p><strong>Blokowanie plik\u00f3w cookies<\/strong><\/p>\n<p>U\u017cytkownik mo\u017ce ustawi\u0107 swoj\u0105 przegl\u0105dark\u0119 tak aby pliki cookies nie zapisywa\u0142y si\u0119 na dysku lub tak, by by\u0142y usuwane<br \/>po up\u0142ywie okre\u015blonego czasu.<br \/>Informujemy, \u017ce ograniczenie stosowania plik\u00f3w cookies mo\u017ce wp\u0142yn\u0105\u0107 na funkcjonalno\u015b\u0107 sklepu internetowego.<br \/>Dowiedz si\u0119 jak wy\u0142\u0105czy\u0107 automatyczne zapisywanie ciasteczek w Twojej przegl\u0105darce:<\/p>\n<p>\u2022\u00a0<a href=\"http:\/\/windows.microsoft.com\/pl-pl\/windows\/change-internet-explorer-privacy-settings#1TC=windows-7\" target=\"_blank\" rel=\"noopener\">Internet Explorer<\/a><br \/>\u2022\u00a0<a href=\"https:\/\/support.mozilla.org\/pl\/products\/firefox\/privacy-and-security\" target=\"_blank\" rel=\"noopener\">FireFox<\/a><br \/>\u2022\u00a0<a href=\"http:\/\/help.opera.com\/Linux\/11.01\/pl\/cookies.html\" target=\"_blank\" rel=\"noopener\">Opera<\/a><br \/>\u2022\u00a0<a href=\"https:\/\/support.google.com\/chrome\/answer\/114836?hl=pl\" target=\"_blank\" rel=\"noopener\">Chrome<\/a><\/p>\n<p><strong>Warto pami\u0119ta\u0107:<\/strong><br \/>Przy ka\u017cdorazowym odej\u015bciu od komputera, czy te\u017c opuszczeniu naszej witryny nale\u017cy si\u0119 wylogowa\u0107 z serwisu<br \/>poprzez klikni\u0119cie przycisku &#8220;wyloguj&#8221; znajduj\u0105cego si\u0119 w prawym g\u00f3rnym rogu strony.<br \/>Nie nale\u017cy udost\u0119pnia\u0107 swojego loginu i has\u0142a do konta.<br \/>Nigdy nie zwracamy si\u0119 do U\u017cytkownik\u00f3w, by udost\u0119pnili nam sw\u00f3j login lub has\u0142o.<br \/>W sieci jest wiele os\u00f3b, kt\u00f3re mog\u0105 chcie\u0107 uzyska\u0107 od Ciebie te informacje i u\u017cy\u0107 ich przeciwko Tobie lub innym osobom.<\/p>\n\t\t\t\t\t\t\t\t<\/div>\n\t\t\t\t<\/div>\n\t\t\t\t\t<\/div>\n\t\t\t\t<\/div>\n\t\t\t\t<\/div>","protected":false},"excerpt":{"rendered":"<p>Sklep internetowy dost\u0119pny pod adresem www.sakoexpo.com.pl, prowadzony jest przez SAKO-EXPO Techtextilplast Henryk Sakowski sp. j., wpisan\u0105 przez S\u0105d Rejonowy dla \u0141odzi \u015ar\u00f3dmie\u015bcia, XX Wydzia\u0142 Gospodarczy do Krajowego Rejestru S\u0105dowego &#8211; Rejestru Przedsi\u0119biorc\u00f3w pod numerem KRS 0000012904. Siedziba firmy znajduje si\u0119 w Aleksandrii 6, 95-035 Ozork\u00f3w. NIP: 732-155-03-40, Regon: 471516954. Postanowienia og\u00f3lne Sklep internetowy SAKO-EXPO prowadzi [&hellip;]<\/p>\n","protected":false},"author":1,"featured_media":0,"parent":0,"menu_order":0,"comment_status":"closed","ping_status":"closed","template":"","meta":{"_acf_changed":false,"footnotes":""},"class_list":["post-2161","page","type-page","status-publish","hentry"],"acf":[],"_links":{"self":[{"href":"https:\/\/sakoplan.pl\/de\/wp-json\/wp\/v2\/pages\/2161","targetHints":{"allow":["GET"]}}],"collection":[{"href":"https:\/\/sakoplan.pl\/de\/wp-json\/wp\/v2\/pages"}],"about":[{"href":"https:\/\/sakoplan.pl\/de\/wp-json\/wp\/v2\/types\/page"}],"author":[{"embeddable":true,"href":"https:\/\/sakoplan.pl\/de\/wp-json\/wp\/v2\/users\/1"}],"replies":[{"embeddable":true,"href":"https:\/\/sakoplan.pl\/de\/wp-json\/wp\/v2\/comments?post=2161"}],"version-history":[{"count":0,"href":"https:\/\/sakoplan.pl\/de\/wp-json\/wp\/v2\/pages\/2161\/revisions"}],"wp:attachment":[{"href":"https:\/\/sakoplan.pl\/de\/wp-json\/wp\/v2\/media?parent=2161"}],"curies":[{"name":"wp","href":"https:\/\/api.w.org\/{rel}","templated":true}]}}