{"id":1103,"date":"2025-06-20T15:11:49","date_gmt":"2025-06-20T15:11:49","guid":{"rendered":"https:\/\/sakoplan.pl\/?page_id=1103"},"modified":"2025-09-12T09:50:15","modified_gmt":"2025-09-12T09:50:15","slug":"filmy-instruktazowe","status":"publish","type":"page","link":"https:\/\/sakoplan.pl\/de\/wirtualny-warsztat\/filmy-instruktazowe\/","title":{"rendered":"Filmy instrukta\u017cowe"},"content":{"rendered":"<div data-elementor-type=\"wp-page\" data-elementor-id=\"1103\" class=\"elementor elementor-1103\" data-elementor-post-type=\"page\">\n\t\t\t\t<div class=\"e-con-top elementor-element elementor-element-2a8f137a e-flex e-con-boxed e-con e-parent\" data-id=\"2a8f137a\" data-element_type=\"container\">\n\t\t\t\t\t<div class=\"e-con-inner\">\n\t\t\t\t<div class=\"elementor-element elementor-element-ca6021f elementor-widget elementor-widget-text-editor\" data-id=\"ca6021f\" data-element_type=\"widget\" data-widget_type=\"text-editor.default\">\n\t\t\t\t<div class=\"elementor-widget-container\">\n\t\t\t\t\t\t\t\t\t<div class=\"grey-line-top-left\">Dzia\u0142 ten dedykowany jest g\u0142\u00f3wnie klientom, kt\u00f3rzy dopiero rozpoczynaj\u0105 z nami wsp\u00f3\u0142prac\u0119. Dzi\u0119ki instrukcjom video szybciej zapoznaj\u0105 si\u0119 Pa\u0144stwo ze specyfik\u0105 obr\u00f3bki plandek, u\u017cytkowaniem zgrzewarek Leister, monta\u017cem ram z profili aluminiowych, a tak\u017ce systemem nabijania elastycznego lica.<\/div><div class=\"grey-line-top-left\">Je\u015bli w tym dziale nie znalaz\u0142e\u015b tego, czego szuka\u0142e\u015b zapraszamy do &#8220;<strong><a href=\"http:\/\/www.sakoexpo.com.pl\/informacje\/15-instrukcje-techniczne\">Instrukcji i poradnik\u00f3w<\/a>&#8220;<\/strong>\u00a0lub do<a href=\"http:\/\/www.sakoexpo.com.pl\/informacje\/35-porada-eksperta\">\u00a0kontaktu z naszym ekspertem<\/a>!<\/div>\t\t\t\t\t\t\t\t<\/div>\n\t\t\t\t<\/div>\n\t\t<div class=\"elementor-element elementor-element-5cfdce9a e-con-full aktualnosci-item-container e-flex e-con e-child\" data-id=\"5cfdce9a\" data-element_type=\"container\">\n\t\t\t\t<div class=\"elementor-element elementor-element-77e4e8be elementor-widget elementor-widget-heading\" data-id=\"77e4e8be\" data-element_type=\"widget\" data-widget_type=\"heading.default\">\n\t\t\t\t<div class=\"elementor-widget-container\">\n\t\t\t\t\t<h2 class=\"elementor-heading-title elementor-size-default\">Materia\u0142y plandekowe<\/h2>\t\t\t\t<\/div>\n\t\t\t\t<\/div>\n\t\t\t\t<\/div>\n\t\t<div class=\"elementor-element elementor-element-27aadb12 e-con-full aktualnosci-item-container e-flex e-con e-child\" data-id=\"27aadb12\" data-element_type=\"container\">\n\t\t<div class=\"elementor-element elementor-element-179c14f9 e-con-full e-flex e-con e-child\" data-id=\"179c14f9\" data-element_type=\"container\">\n\t\t\t\t<div class=\"elementor-element elementor-element-40eeac17 elementor-widget elementor-widget-video\" data-id=\"40eeac17\" data-element_type=\"widget\" data-settings=\"{&quot;youtube_url&quot;:&quot;https:\\\/\\\/www.youtube.com\\\/watch?v=08Mds_T10es&amp;ab_channel=Sako-Expo&quot;,&quot;video_type&quot;:&quot;youtube&quot;}\" data-widget_type=\"video.default\">\n\t\t\t\t<div class=\"elementor-widget-container\">\n\t\t\t\t\t\t\t<div class=\"elementor-wrapper elementor-open-inline\">\n\t\t\t<div class=\"elementor-video\"><\/div>\t\t<\/div>\n\t\t\t\t\t\t<\/div>\n\t\t\t\t<\/div>\n\t\t\t\t<\/div>\n\t\t<div class=\"elementor-element elementor-element-7f49cc06 e-con-full e-flex e-con e-child\" data-id=\"7f49cc06\" data-element_type=\"container\">\n\t\t\t\t<div class=\"elementor-element elementor-element-717ab940 elementor-widget elementor-widget-heading\" data-id=\"717ab940\" data-element_type=\"widget\" data-widget_type=\"heading.default\">\n\t\t\t\t<div class=\"elementor-widget-container\">\n\t\t\t\t\t<h2 class=\"elementor-heading-title elementor-size-default\">Zgrzewania materia\u0142u plandekowego urz\u0105dzeniem Leister Uniplan.<\/h2>\t\t\t\t<\/div>\n\t\t\t\t<\/div>\n\t\t\t\t<div class=\"elementor-element elementor-element-4af5f9ca elementor-widget elementor-widget-text-editor\" data-id=\"4af5f9ca\" data-element_type=\"widget\" data-widget_type=\"text-editor.default\">\n\t\t\t\t<div class=\"elementor-widget-container\">\n\t\t\t\t\t\t\t\t\t<p>Przed zgrzewaniem nale\u017cy odpowiednio ustawi\u0107 temperatur\u0119 zgrzewu oraz pr\u0119dko\u015b\u0107 posuwu. Aby tego dokona\u0107 niezb\u0119de jest samodzielne okre\u015blenie najlepszych parametr\u00f3w do danego materia\u0142u.<br \/>W czasie procesu zgrzewania nale\u017cy dopilnowa\u0107 aby zgrzewarka posuwa\u0142a si\u0119 r\u00f3wno po materiale.<\/p>\t\t\t\t\t\t\t\t<\/div>\n\t\t\t\t<\/div>\n\t\t\t\t<\/div>\n\t\t\t\t<\/div>\n\t\t<div class=\"elementor-element elementor-element-536b0433 e-con-full aktualnosci-item-container e-flex e-con e-child\" data-id=\"536b0433\" data-element_type=\"container\">\n\t\t\t\t<div class=\"elementor-element elementor-element-591d40a5 elementor-widget elementor-widget-heading\" data-id=\"591d40a5\" data-element_type=\"widget\" data-widget_type=\"heading.default\">\n\t\t\t\t<div class=\"elementor-widget-container\">\n\t\t\t\t\t<h3 class=\"elementor-heading-title elementor-size-default\">Profile aluminiowe do mocowania reklamy<\/h3>\t\t\t\t<\/div>\n\t\t\t\t<\/div>\n\t\t\t\t<\/div>\n\t\t<div class=\"elementor-element elementor-element-299dca0b e-con-full aktualnosci-item-container e-flex e-con e-child\" data-id=\"299dca0b\" data-element_type=\"container\">\n\t\t<div class=\"elementor-element elementor-element-40856ba7 e-con-full e-flex e-con e-child\" data-id=\"40856ba7\" data-element_type=\"container\">\n\t\t\t\t<div class=\"elementor-element elementor-element-5a7827ff elementor-widget elementor-widget-video\" data-id=\"5a7827ff\" data-element_type=\"widget\" data-settings=\"{&quot;youtube_url&quot;:&quot;https:\\\/\\\/www.youtube.com\\\/watch?v=m302QF-Hr44&amp;ab_channel=Sako-Expo&quot;,&quot;video_type&quot;:&quot;youtube&quot;}\" data-widget_type=\"video.default\">\n\t\t\t\t<div class=\"elementor-widget-container\">\n\t\t\t\t\t\t\t<div class=\"elementor-wrapper elementor-open-inline\">\n\t\t\t<div class=\"elementor-video\"><\/div>\t\t<\/div>\n\t\t\t\t\t\t<\/div>\n\t\t\t\t<\/div>\n\t\t\t\t<\/div>\n\t\t<div class=\"elementor-element elementor-element-4a3d7b99 e-con-full e-flex e-con e-child\" data-id=\"4a3d7b99\" data-element_type=\"container\">\n\t\t\t\t<div class=\"elementor-element elementor-element-45b021ac elementor-widget elementor-widget-heading\" data-id=\"45b021ac\" data-element_type=\"widget\" data-widget_type=\"heading.default\">\n\t\t\t\t<div class=\"elementor-widget-container\">\n\t\t\t\t\t<h3 class=\"elementor-heading-title elementor-size-default\">ETAP 1 - Przygotowanie element\u00f3w monta\u017cowych<\/h3>\t\t\t\t<\/div>\n\t\t\t\t<\/div>\n\t\t\t\t<div class=\"elementor-element elementor-element-539a08e2 elementor-widget elementor-widget-text-editor\" data-id=\"539a08e2\" data-element_type=\"widget\" data-widget_type=\"text-editor.default\">\n\t\t\t\t<div class=\"elementor-widget-container\">\n\t\t\t\t\t\t\t\t\t<p>Na tym etapie prezentujemy jak w szybki spos\u00f3b przygotowa\u0107 elementy do monta\u017cu SAKORAM, tj. uchwyty k\u0105towe i suwaki mocuj\u0105ce.<\/p>\t\t\t\t\t\t\t\t<\/div>\n\t\t\t\t<\/div>\n\t\t\t\t<\/div>\n\t\t\t\t<\/div>\n\t\t<div class=\"elementor-element elementor-element-3091a531 e-con-full aktualnosci-item-container e-flex e-con e-child\" data-id=\"3091a531\" data-element_type=\"container\">\n\t\t<div class=\"elementor-element elementor-element-b25346b e-con-full e-flex e-con e-child\" data-id=\"b25346b\" data-element_type=\"container\">\n\t\t\t\t<div class=\"elementor-element elementor-element-6a374029 elementor-widget elementor-widget-video\" data-id=\"6a374029\" data-element_type=\"widget\" data-settings=\"{&quot;youtube_url&quot;:&quot;https:\\\/\\\/www.youtube.com\\\/watch?v=Rb8Gj1h0gEs&amp;ab_channel=Sako-Expo&quot;,&quot;video_type&quot;:&quot;youtube&quot;}\" data-widget_type=\"video.default\">\n\t\t\t\t<div class=\"elementor-widget-container\">\n\t\t\t\t\t\t\t<div class=\"elementor-wrapper elementor-open-inline\">\n\t\t\t<div class=\"elementor-video\"><\/div>\t\t<\/div>\n\t\t\t\t\t\t<\/div>\n\t\t\t\t<\/div>\n\t\t\t\t<\/div>\n\t\t<div class=\"elementor-element elementor-element-4eeeb105 e-con-full e-flex e-con e-child\" data-id=\"4eeeb105\" data-element_type=\"container\">\n\t\t\t\t<div class=\"elementor-element elementor-element-5b8a92f0 elementor-widget elementor-widget-heading\" data-id=\"5b8a92f0\" data-element_type=\"widget\" data-widget_type=\"heading.default\">\n\t\t\t\t<div class=\"elementor-widget-container\">\n\t\t\t\t\t<h3 class=\"elementor-heading-title elementor-size-default\">ETAP 2 - Monta\u017c uchwyt\u00f3w<\/h3>\t\t\t\t<\/div>\n\t\t\t\t<\/div>\n\t\t\t\t<div class=\"elementor-element elementor-element-5083aaef elementor-widget elementor-widget-text-editor\" data-id=\"5083aaef\" data-element_type=\"widget\" data-widget_type=\"text-editor.default\">\n\t\t\t\t<div class=\"elementor-widget-container\">\n\t\t\t\t\t\t\t\t\t<p>Skr\u0119cone elementy monta\u017cowe mocujemy na profilu. Na tym etapie powinni\u015bmy pami\u0119ta\u0107, \u017ce nale\u017cy wsun\u0105\u0107 wszystkie potrzebne elementy do szczeliny profilu, poniewa\u017c po skr\u0119ceniu ramy czynno\u015b\u0107 ta b\u0119dzie utrudniona.<\/p>\t\t\t\t\t\t\t\t<\/div>\n\t\t\t\t<\/div>\n\t\t\t\t<\/div>\n\t\t\t\t<\/div>\n\t\t<div class=\"elementor-element elementor-element-1cc9934f e-con-full aktualnosci-item-container e-flex e-con e-child\" data-id=\"1cc9934f\" data-element_type=\"container\">\n\t\t<div class=\"elementor-element elementor-element-327890f3 e-con-full e-flex e-con e-child\" data-id=\"327890f3\" data-element_type=\"container\">\n\t\t\t\t<div class=\"elementor-element elementor-element-717b689a elementor-widget elementor-widget-video\" data-id=\"717b689a\" data-element_type=\"widget\" data-settings=\"{&quot;youtube_url&quot;:&quot;https:\\\/\\\/www.youtube.com\\\/watch?v=PAxJCVPfpDI&amp;ab_channel=Sako-Expo&quot;,&quot;video_type&quot;:&quot;youtube&quot;}\" data-widget_type=\"video.default\">\n\t\t\t\t<div class=\"elementor-widget-container\">\n\t\t\t\t\t\t\t<div class=\"elementor-wrapper elementor-open-inline\">\n\t\t\t<div class=\"elementor-video\"><\/div>\t\t<\/div>\n\t\t\t\t\t\t<\/div>\n\t\t\t\t<\/div>\n\t\t\t\t<\/div>\n\t\t<div class=\"elementor-element elementor-element-1e647f8a e-con-full e-flex e-con e-child\" data-id=\"1e647f8a\" data-element_type=\"container\">\n\t\t\t\t<div class=\"elementor-element elementor-element-6c39a781 elementor-widget elementor-widget-heading\" data-id=\"6c39a781\" data-element_type=\"widget\" data-widget_type=\"heading.default\">\n\t\t\t\t<div class=\"elementor-widget-container\">\n\t\t\t\t\t<h3 class=\"elementor-heading-title elementor-size-default\">ETAP 3 - Konstrukcja ramy z profili<\/h3>\t\t\t\t<\/div>\n\t\t\t\t<\/div>\n\t\t\t\t<div class=\"elementor-element elementor-element-326c2012 elementor-widget elementor-widget-text-editor\" data-id=\"326c2012\" data-element_type=\"widget\" data-widget_type=\"text-editor.default\">\n\t\t\t\t<div class=\"elementor-widget-container\">\n\t\t\t\t\t\t\t\t\t<p>Profile z zamocowanymi uchwytami k\u0105towymi skr\u0119camy ze sob\u0105 w celu utworzenia ramy.<\/p>\t\t\t\t\t\t\t\t<\/div>\n\t\t\t\t<\/div>\n\t\t\t\t<\/div>\n\t\t\t\t<\/div>\n\t\t<div class=\"elementor-element elementor-element-3312a717 e-con-full aktualnosci-item-container e-flex e-con e-child\" data-id=\"3312a717\" data-element_type=\"container\">\n\t\t<div class=\"elementor-element elementor-element-4a974e43 e-con-full e-flex e-con e-child\" data-id=\"4a974e43\" data-element_type=\"container\">\n\t\t\t\t<div class=\"elementor-element elementor-element-5ba85591 elementor-widget elementor-widget-video\" data-id=\"5ba85591\" data-element_type=\"widget\" data-settings=\"{&quot;youtube_url&quot;:&quot;https:\\\/\\\/www.youtube.com\\\/watch?v=cm4ObH31L64&amp;ab_channel=Sako-Expo&quot;,&quot;video_type&quot;:&quot;youtube&quot;}\" data-widget_type=\"video.default\">\n\t\t\t\t<div class=\"elementor-widget-container\">\n\t\t\t\t\t\t\t<div class=\"elementor-wrapper elementor-open-inline\">\n\t\t\t<div class=\"elementor-video\"><\/div>\t\t<\/div>\n\t\t\t\t\t\t<\/div>\n\t\t\t\t<\/div>\n\t\t\t\t<\/div>\n\t\t<div class=\"elementor-element elementor-element-2b365d27 e-con-full e-flex e-con e-child\" data-id=\"2b365d27\" data-element_type=\"container\">\n\t\t\t\t<div class=\"elementor-element elementor-element-6ea790b0 elementor-widget elementor-widget-heading\" data-id=\"6ea790b0\" data-element_type=\"widget\" data-widget_type=\"heading.default\">\n\t\t\t\t<div class=\"elementor-widget-container\">\n\t\t\t\t\t<h3 class=\"elementor-heading-title elementor-size-default\">ETAP 4 - Nabijanie baneru<\/h3>\t\t\t\t<\/div>\n\t\t\t\t<\/div>\n\t\t\t\t<div class=\"elementor-element elementor-element-5318e69d elementor-widget elementor-widget-text-editor\" data-id=\"5318e69d\" data-element_type=\"widget\" data-widget_type=\"text-editor.default\">\n\t\t\t\t<div class=\"elementor-widget-container\">\n\t\t\t\t\t\t\t\t\t<p>Po skonstruowaniu ramy nabijamy baner. Najpierw ma\u0142ymi odcinkami listwy napinaj\u0105cej (ok. 5 cm d\u0142.) nabijamy baner w niewielkich odst\u0119pach, tak aby winyl r\u00f3wnomiernie napr\u0119\u017cy\u0142 si\u0119 na ramie. Nast\u0119pnie dok\u0142adamy docelow\u0105 listw\u0119 napinaj\u0105c\u0105 i stopniowo nabijamy j\u0105 zast\u0119puj\u0105c kr\u00f3tkie odcinki.<\/p>\t\t\t\t\t\t\t\t<\/div>\n\t\t\t\t<\/div>\n\t\t\t\t<\/div>\n\t\t\t\t<\/div>\n\t\t<div class=\"elementor-element elementor-element-7353c859 e-con-full aktualnosci-item-container e-flex e-con e-child\" data-id=\"7353c859\" data-element_type=\"container\">\n\t\t<div class=\"elementor-element elementor-element-474163 e-con-full e-flex e-con e-child\" data-id=\"474163\" data-element_type=\"container\">\n\t\t\t\t<div class=\"elementor-element elementor-element-6792ba32 elementor-widget elementor-widget-video\" data-id=\"6792ba32\" data-element_type=\"widget\" data-settings=\"{&quot;youtube_url&quot;:&quot;https:\\\/\\\/www.youtube.com\\\/watch?v=TZSeb9ppV6U&amp;ab_channel=Sako-Expo&quot;,&quot;video_type&quot;:&quot;youtube&quot;}\" data-widget_type=\"video.default\">\n\t\t\t\t<div class=\"elementor-widget-container\">\n\t\t\t\t\t\t\t<div class=\"elementor-wrapper elementor-open-inline\">\n\t\t\t<div class=\"elementor-video\"><\/div>\t\t<\/div>\n\t\t\t\t\t\t<\/div>\n\t\t\t\t<\/div>\n\t\t\t\t<\/div>\n\t\t<div class=\"elementor-element elementor-element-1b26acd2 e-con-full e-flex e-con e-child\" data-id=\"1b26acd2\" data-element_type=\"container\">\n\t\t\t\t<div class=\"elementor-element elementor-element-6dda0145 elementor-widget elementor-widget-heading\" data-id=\"6dda0145\" data-element_type=\"widget\" data-widget_type=\"heading.default\">\n\t\t\t\t<div class=\"elementor-widget-container\">\n\t\t\t\t\t<h3 class=\"elementor-heading-title elementor-size-default\">ETAP 5 - Prace wyko\u0144czeniowe<\/h3>\t\t\t\t<\/div>\n\t\t\t\t<\/div>\n\t\t\t\t<div class=\"elementor-element elementor-element-58bdcb1e elementor-widget elementor-widget-text-editor\" data-id=\"58bdcb1e\" data-element_type=\"widget\" data-widget_type=\"text-editor.default\">\n\t\t\t\t<div class=\"elementor-widget-container\">\n\t\t\t\t\t\t\t\t\t<p>Ostatnim etapem jest wyko\u0144czenie i wprowadzanie poprawek. Tutaj nale\u017cy poprawi\u0107 baner je\u017celi w jakim\u015b miejscu nie jest dobrze napiety, nast\u0119pnie podcinamy listwy napinaj\u0105ce na naro\u017cnikach i odcinamy nadmiar winylu. Tak przygotowan\u0105 ram\u0119 mo\u017cemy powiesi\u0107 na \u015bcianie na zamocowanych wcze\u015bniej hakach. W przypadku monta\u017cu ramy o du\u017cych gabarytach nale\u017cy montowa\u0107 ram\u0119 do \u015bciany \/ fasady budynku przed nabiciem winylu.<\/p>\t\t\t\t\t\t\t\t<\/div>\n\t\t\t\t<\/div>\n\t\t\t\t<\/div>\n\t\t\t\t<\/div>\n\t\t\t\t\t<\/div>\n\t\t\t\t<\/div>\n\t\t\t\t<\/div>","protected":false},"excerpt":{"rendered":"<p>Dzia\u0142 ten dedykowany jest g\u0142\u00f3wnie klientom, kt\u00f3rzy dopiero rozpoczynaj\u0105 z nami wsp\u00f3\u0142prac\u0119. Dzi\u0119ki instrukcjom video szybciej zapoznaj\u0105 si\u0119 Pa\u0144stwo ze specyfik\u0105 obr\u00f3bki plandek, u\u017cytkowaniem zgrzewarek Leister, monta\u017cem ram z profili aluminiowych, a tak\u017ce systemem nabijania elastycznego lica.Je\u015bli w tym dziale nie znalaz\u0142e\u015b tego, czego szuka\u0142e\u015b zapraszamy do &#8220;Instrukcji i poradnik\u00f3w&#8220;\u00a0lub do\u00a0kontaktu z naszym ekspertem! Materia\u0142y [&hellip;]<\/p>\n","protected":false},"author":2,"featured_media":301,"parent":94,"menu_order":0,"comment_status":"closed","ping_status":"closed","template":"","meta":{"_acf_changed":false,"footnotes":""},"class_list":["post-1103","page","type-page","status-publish","has-post-thumbnail","hentry"],"acf":[],"_links":{"self":[{"href":"https:\/\/sakoplan.pl\/de\/wp-json\/wp\/v2\/pages\/1103","targetHints":{"allow":["GET"]}}],"collection":[{"href":"https:\/\/sakoplan.pl\/de\/wp-json\/wp\/v2\/pages"}],"about":[{"href":"https:\/\/sakoplan.pl\/de\/wp-json\/wp\/v2\/types\/page"}],"author":[{"embeddable":true,"href":"https:\/\/sakoplan.pl\/de\/wp-json\/wp\/v2\/users\/2"}],"replies":[{"embeddable":true,"href":"https:\/\/sakoplan.pl\/de\/wp-json\/wp\/v2\/comments?post=1103"}],"version-history":[{"count":0,"href":"https:\/\/sakoplan.pl\/de\/wp-json\/wp\/v2\/pages\/1103\/revisions"}],"up":[{"embeddable":true,"href":"https:\/\/sakoplan.pl\/de\/wp-json\/wp\/v2\/pages\/94"}],"wp:featuredmedia":[{"embeddable":true,"href":"https:\/\/sakoplan.pl\/de\/wp-json\/wp\/v2\/media\/301"}],"wp:attachment":[{"href":"https:\/\/sakoplan.pl\/de\/wp-json\/wp\/v2\/media?parent=1103"}],"curies":[{"name":"wp","href":"https:\/\/api.w.org\/{rel}","templated":true}]}}